{"id":78,"date":"2026-02-24T22:57:27","date_gmt":"2026-02-24T21:57:27","guid":{"rendered":"https:\/\/fundacjaskotopaska.pl\/?page_id=78"},"modified":"2026-02-24T23:01:58","modified_gmt":"2026-02-24T22:01:58","slug":"aktualne-dzialania","status":"publish","type":"page","link":"https:\/\/fundacjaskotopaska.pl\/?page_id=78","title":{"rendered":"Aktualne dzia\u0142ania"},"content":{"rendered":"\n<p>Tutaj pojawi\u0105 si\u0119 informacje o aktualnych dzia\u0142aniach<\/p>\n","protected":false},"excerpt":{"rendered":"<p>Tutaj pojawi\u0105 si\u0119 informacje o aktualnych dzia\u0142aniach<\/p>\n","protected":false},"author":1,"featured_media":0,"parent":0,"menu_order":0,"comment_status":"closed","ping_status":"closed","template":"","meta":{"_kad_post_transparent":"","_kad_post_title":"","_kad_post_layout":"narrow","_kad_post_sidebar_id":"","_kad_post_content_style":"","_kad_post_vertical_padding":"","_kad_post_feature":"","_kad_post_feature_position":"","_kad_post_header":false,"_kad_post_footer":false,"_kad_post_classname":"","footnotes":""},"class_list":["post-78","page","type-page","status-publish","hentry"],"_links":{"self":[{"href":"https:\/\/fundacjaskotopaska.pl\/index.php?rest_route=\/wp\/v2\/pages\/78","targetHints":{"allow":["GET"]}}],"collection":[{"href":"https:\/\/fundacjaskotopaska.pl\/index.php?rest_route=\/wp\/v2\/pages"}],"about":[{"href":"https:\/\/fundacjaskotopaska.pl\/index.php?rest_route=\/wp\/v2\/types\/page"}],"author":[{"embeddable":true,"href":"https:\/\/fundacjaskotopaska.pl\/index.php?rest_route=\/wp\/v2\/users\/1"}],"replies":[{"embeddable":true,"href":"https:\/\/fundacjaskotopaska.pl\/index.php?rest_route=%2Fwp%2Fv2%2Fcomments&post=78"}],"version-history":[{"count":2,"href":"https:\/\/fundacjaskotopaska.pl\/index.php?rest_route=\/wp\/v2\/pages\/78\/revisions"}],"predecessor-version":[{"id":83,"href":"https:\/\/fundacjaskotopaska.pl\/index.php?rest_route=\/wp\/v2\/pages\/78\/revisions\/83"}],"wp:attachment":[{"href":"https:\/\/fundacjaskotopaska.pl\/index.php?rest_route=%2Fwp%2Fv2%2Fmedia&parent=78"}],"curies":[{"name":"wp","href":"https:\/\/api.w.org\/{rel}","templated":true}]}}